{"id":30,"date":"2024-11-24T07:58:57","date_gmt":"2024-11-24T07:58:57","guid":{"rendered":"https:\/\/d4r.treeplanner.org\/da-dang-de-phuc-hoi\/"},"modified":"2024-11-24T23:47:17","modified_gmt":"2024-11-24T23:47:17","slug":"da-dang-de-phuc-hoi","status":"publish","type":"page","link":"https:\/\/d4r.treeplanner.org\/vi\/","title":{"rendered":"\u0110a d\u1ea1ng \u0111\u1ec3 ph\u1ee5c h\u1ed3i"},"content":{"rendered":"\n<p><br\/>M\u1ed9t c\u00f4ng c\u1ee5 \u0111\u01b0\u1ee3c ph\u00e1t tri\u1ec3n \u0111\u1ec3 gi\u00fap ra quy\u1ebft \u0111\u1ecbnh v\u1ec1 vi\u1ec7c s\u1eed d\u1ee5ng c\u00e1c lo\u00e0i c\u00e2y v\u00e0 ngu\u1ed3n h\u1ea1t gi\u1ed1ng th\u00edch h\u1ee3p \u0111\u1ec3 ph\u1ee5c h\u1ed3i d\u1ef1a v\u00e0o c\u00e2y ho\u1eb7c c\u00e1c ho\u1ea1t \u0111\u1ed9ng tr\u1ed3ng c\u00e2y kh\u00e1c, ban \u0111\u1ea7u \u0111\u01b0\u1ee3c thi\u1ebft k\u1ebf cho r\u1eebng kh\u00f4 nhi\u1ec7t \u0111\u1edbi \u1edf Colombia v\u00e0 nh\u1eb1m v\u00e0o t\u1ea5t c\u1ea3 nh\u1eefng ng\u01b0\u1eddi quan t\u00e2m \u0111\u1ebfn vi\u1ec7c tr\u1ed3ng ho\u1eb7c t\u00e1i sinh c\u00e2y, bao g\u1ed3m c\u00e1c nh\u00e0 khoa h\u1ecdc, nh\u00e0 l\u1eadp k\u1ebf ho\u1ea1ch ph\u1ee5c h\u1ed3i v\u00e0 c\u00e1c h\u1ecdc vi\u00ean c\u0169ng nh\u01b0 c\u00e1c c\u01a1 quan c\u00f4ng quy\u1ec1n, nh\u00e0 \u0111\u1ea7u t\u01b0 v\u00e0 nh\u00e0 t\u00e0i tr\u1ee3.<\/p>\n\n<button id=\"\" type=\"button\" class=\"r-buttons\" onclick=\"location.href='.\/initiative\/'\"><span>\u0110\u1ecdc th\u00eam<\/span><\/button>\n\n<div style=\"height:50px\" aria-hidden=\"true\" class=\"wp-block-spacer\"><\/div>\n\n<figure class=\"wp-block-gallery has-nested-images columns-2 is-cropped wp-block-gallery-1 is-layout-flex wp-block-gallery-is-layout-flex\">\n<figure class=\"wp-block-image size-medium\"><img loading=\"lazy\" decoding=\"async\" width=\"300\" height=\"94\" data-id=\"42\" src=\"https:\/\/d4r.treeplanner.org\/wp-content\/uploads\/2024\/11\/home1-300x94.jpg\" alt=\"\" class=\"wp-image-42\" srcset=\"https:\/\/d4r.treeplanner.org\/wp-content\/uploads\/2024\/11\/home1-300x94.jpg 300w, https:\/\/d4r.treeplanner.org\/wp-content\/uploads\/2024\/11\/home1-1024x320.jpg 1024w, https:\/\/d4r.treeplanner.org\/wp-content\/uploads\/2024\/11\/home1-768x240.jpg 768w, https:\/\/d4r.treeplanner.org\/wp-content\/uploads\/2024\/11\/home1-1536x480.jpg 1536w, https:\/\/d4r.treeplanner.org\/wp-content\/uploads\/2024\/11\/home1-2048x640.jpg 2048w\" sizes=\"auto, (max-width: 300px) 100vw, 300px\" \/><\/figure>\n\n\n\n<figure class=\"wp-block-image size-medium\"><img loading=\"lazy\" decoding=\"async\" width=\"300\" height=\"94\" data-id=\"38\" src=\"https:\/\/d4r.treeplanner.org\/wp-content\/uploads\/2024\/11\/home2-300x94.jpg\" alt=\"\" class=\"wp-image-38\" srcset=\"https:\/\/d4r.treeplanner.org\/wp-content\/uploads\/2024\/11\/home2-300x94.jpg 300w, https:\/\/d4r.treeplanner.org\/wp-content\/uploads\/2024\/11\/home2-1024x320.jpg 1024w, https:\/\/d4r.treeplanner.org\/wp-content\/uploads\/2024\/11\/home2-768x240.jpg 768w, https:\/\/d4r.treeplanner.org\/wp-content\/uploads\/2024\/11\/home2-1536x480.jpg 1536w, https:\/\/d4r.treeplanner.org\/wp-content\/uploads\/2024\/11\/home2-2048x640.jpg 2048w\" sizes=\"auto, (max-width: 300px) 100vw, 300px\" \/><\/figure>\n\n\n\n<figure class=\"wp-block-image size-medium\"><img loading=\"lazy\" decoding=\"async\" width=\"300\" height=\"94\" data-id=\"46\" src=\"https:\/\/d4r.treeplanner.org\/wp-content\/uploads\/2024\/11\/home3-300x94.jpg\" alt=\"\" class=\"wp-image-46\" srcset=\"https:\/\/d4r.treeplanner.org\/wp-content\/uploads\/2024\/11\/home3-300x94.jpg 300w, https:\/\/d4r.treeplanner.org\/wp-content\/uploads\/2024\/11\/home3-1024x320.jpg 1024w, https:\/\/d4r.treeplanner.org\/wp-content\/uploads\/2024\/11\/home3-768x240.jpg 768w, https:\/\/d4r.treeplanner.org\/wp-content\/uploads\/2024\/11\/home3-1536x480.jpg 1536w, https:\/\/d4r.treeplanner.org\/wp-content\/uploads\/2024\/11\/home3-2048x640.jpg 2048w\" sizes=\"auto, (max-width: 300px) 100vw, 300px\" \/><\/figure>\n\n\n\n<figure class=\"wp-block-image size-medium\"><img loading=\"lazy\" decoding=\"async\" width=\"300\" height=\"94\" data-id=\"50\" src=\"https:\/\/d4r.treeplanner.org\/wp-content\/uploads\/2024\/11\/home4-300x94.jpg\" alt=\"\" class=\"wp-image-50\" srcset=\"https:\/\/d4r.treeplanner.org\/wp-content\/uploads\/2024\/11\/home4-300x94.jpg 300w, https:\/\/d4r.treeplanner.org\/wp-content\/uploads\/2024\/11\/home4-1024x320.jpg 1024w, https:\/\/d4r.treeplanner.org\/wp-content\/uploads\/2024\/11\/home4-768x240.jpg 768w, https:\/\/d4r.treeplanner.org\/wp-content\/uploads\/2024\/11\/home4-1536x480.jpg 1536w, https:\/\/d4r.treeplanner.org\/wp-content\/uploads\/2024\/11\/home4-2048x640.jpg 2048w\" sizes=\"auto, (max-width: 300px) 100vw, 300px\" \/><\/figure>\n<\/figure>\n\n<div style=\"height:50px\" aria-hidden=\"true\" class=\"wp-block-spacer\"><\/div>\n\n<div class=\"wp-block-cover\"><span aria-hidden=\"true\" class=\"wp-block-cover__background has-background-dim-20 has-background-dim\" style=\"background-color:#344143\"><\/span><img loading=\"lazy\" decoding=\"async\" width=\"1445\" height=\"710\" class=\"wp-block-cover__image-background wp-image-64\" alt=\"\" src=\"https:\/\/d4r.treeplanner.org\/wp-content\/uploads\/2024\/11\/basemap.png\" data-object-fit=\"cover\" srcset=\"https:\/\/d4r.treeplanner.org\/wp-content\/uploads\/2024\/11\/basemap.png 1445w, https:\/\/d4r.treeplanner.org\/wp-content\/uploads\/2024\/11\/basemap-300x147.png 300w, https:\/\/d4r.treeplanner.org\/wp-content\/uploads\/2024\/11\/basemap-1024x503.png 1024w, https:\/\/d4r.treeplanner.org\/wp-content\/uploads\/2024\/11\/basemap-768x377.png 768w\" sizes=\"auto, (max-width: 1445px) 100vw, 1445px\" \/><div class=\"wp-block-cover__inner-container is-layout-constrained wp-block-cover-is-layout-constrained\">\n<p class=\"has-text-align-center has-large-font-size\" style=\"line-height:1.2\"><br\/>Ch\u00fang t\u00f4i hy v\u1ecdng r\u1eb1ng thi\u1ebft k\u1ebf c\u1ee7a c\u00f4ng c\u1ee5 gi\u00fap m\u1ecdi ng\u01b0\u1eddi d\u1ec5 d\u00e0ng s\u1eed d\u1ee5ng<\/p>\n\n\n\n<div style=\"height:50px\" aria-hidden=\"true\" class=\"wp-block-spacer\"><\/div>\n\n\n\n<button id=\"\" type=\"button\" class=\"r-buttons white-button\" onclick=\"location.href='.\/tool\/'\"><span>Kh\u00e1m ph\u00e1<\/span><\/button>\n<\/div><\/div>\n","protected":false},"excerpt":{"rendered":"<p>M\u1ed9t c\u00f4ng c\u1ee5 \u0111\u01b0\u1ee3c ph\u00e1t tri\u1ec3n \u0111\u1ec3 gi\u00fap ra quy\u1ebft \u0111\u1ecbnh v\u1ec1 vi\u1ec7c s\u1eed d\u1ee5ng c\u00e1c lo\u00e0i c\u00e2y v\u00e0 ngu\u1ed3n h\u1ea1t gi\u1ed1ng th\u00edch h\u1ee3p \u0111\u1ec3 ph\u1ee5c h\u1ed3i d\u1ef1a v\u00e0o c\u00e2y ho\u1eb7c c\u00e1c ho\u1ea1t \u0111\u1ed9ng tr\u1ed3ng c\u00e2y kh\u00e1c, ban \u0111\u1ea7u \u0111\u01b0\u1ee3c thi\u1ebft k\u1ebf cho r\u1eebng kh\u00f4 nhi\u1ec7t \u0111\u1edbi \u1edf Colombia v\u00e0 nh\u1eb1m v\u00e0o t\u1ea5t c\u1ea3 nh\u1eefng [&hellip;]<\/p>\n","protected":false},"author":1,"featured_media":0,"parent":0,"menu_order":0,"comment_status":"closed","ping_status":"closed","template":"","meta":{"_monsterinsights_skip_tracking":false,"_monsterinsights_sitenote_active":false,"_monsterinsights_sitenote_note":"","_monsterinsights_sitenote_category":0,"footnotes":""},"class_list":["post-30","page","type-page","status-publish","hentry"],"_links":{"self":[{"href":"https:\/\/d4r.treeplanner.org\/vi\/wp-json\/wp\/v2\/pages\/30","targetHints":{"allow":["GET"]}}],"collection":[{"href":"https:\/\/d4r.treeplanner.org\/vi\/wp-json\/wp\/v2\/pages"}],"about":[{"href":"https:\/\/d4r.treeplanner.org\/vi\/wp-json\/wp\/v2\/types\/page"}],"author":[{"embeddable":true,"href":"https:\/\/d4r.treeplanner.org\/vi\/wp-json\/wp\/v2\/users\/1"}],"replies":[{"embeddable":true,"href":"https:\/\/d4r.treeplanner.org\/vi\/wp-json\/wp\/v2\/comments?post=30"}],"version-history":[{"count":4,"href":"https:\/\/d4r.treeplanner.org\/vi\/wp-json\/wp\/v2\/pages\/30\/revisions"}],"predecessor-version":[{"id":201,"href":"https:\/\/d4r.treeplanner.org\/vi\/wp-json\/wp\/v2\/pages\/30\/revisions\/201"}],"wp:attachment":[{"href":"https:\/\/d4r.treeplanner.org\/vi\/wp-json\/wp\/v2\/media?parent=30"}],"curies":[{"name":"wp","href":"https:\/\/api.w.org\/{rel}","templated":true}]}}