{"id":207,"date":"2024-11-24T16:13:23","date_gmt":"2024-11-24T16:13:23","guid":{"rendered":"https:\/\/d4r.treeplanner.org\/gioi-thieu\/"},"modified":"2024-11-25T00:39:57","modified_gmt":"2024-11-25T00:39:57","slug":"gioi-thieu","status":"publish","type":"page","link":"https:\/\/d4r.treeplanner.org\/vi\/gioi-thieu\/","title":{"rendered":"Gi\u1edbi thi\u1ec7u"},"content":{"rendered":"\n<p><br\/>Vi\u1ec7c ph\u1ee5c h\u1ed3i \u0111\u1ea5t b\u1ecb suy tho\u00e1i l\u00e0 m\u1ed1i quan t\u00e2m to\u00e0n c\u1ea7u. \u0110\u1ec3 n\u00e2ng cao hi\u1ec7u qu\u1ea3 c\u1ee7a h\u00e0nh \u0111\u1ed9ng ph\u1ee5c h\u1ed3i r\u1eebng, D4R \u0111\u00e3 \u0111\u01b0\u1ee3c ph\u00e1t tri\u1ec3n \u0111\u1ec3 gi\u00fap l\u1ef1a ch\u1ecdn lo\u00e0i th\u00edch h\u1ee3p v\u00e0 x\u00e1c \u0111\u1ecbnh ngu\u1ed3n h\u1ea1t gi\u1ed1ng cho m\u1ed9t khu v\u1ef1c d\u1ef1 \u00e1n nh\u1ea5t \u0111\u1ecbnh \u0111\u00e1p \u1ee9ng c\u00e1c m\u1ee5c ti\u00eau ph\u1ee5c h\u1ed3i mong mu\u1ed1n. D4R c\u0169ng t\u00ednh \u0111\u1ebfn bi\u1ebfn \u0111\u1ed5i kh\u00ed h\u1eadu khi l\u1ef1a ch\u1ecdn v\u1eadt li\u1ec7u ph\u00f9 h\u1ee3p v\u00e0 bao g\u1ed3m th\u00f4ng tin v\u1ec1 vi\u1ec7c nh\u00e2n gi\u1ed1ng h\u00e0ng tr\u0103m lo\u00e0i c\u00e2y.  <\/p>\n\n<h2 class=\"wp-block-heading\">N\u00f3 ho\u1ea1t \u0111\u1ed9ng nh\u01b0 th\u1ebf n\u00e0o<\/h2>\n\n<ol class=\"wp-block-list\">\n<li style=\"margin-top:0;margin-bottom:0\">B\u01b0\u1edbc \u0111\u1ea7u ti\u00ean, ng\u01b0\u1eddi d\u00f9ng \u0111\u01b0\u1ee3c m\u1eddi x\u00e1c \u0111\u1ecbnh khu v\u1ef1c s\u1ebd \u0111\u01b0\u1ee3c kh\u00f4i ph\u1ee5c tr\u00ean b\u1ea3n \u0111\u1ed3 hi\u1ec3n th\u1ecb c\u00e1c khu v\u1ef1c \u0111\u01b0\u1ee3c bao g\u1ed3m trong c\u00f4ng c\u1ee5 D4R. Nh\u1eefng b\u1ea3n \u0111\u1ed3 n\u00e0y cho th\u1ea5y s\u1ed1 l\u01b0\u1ee3ng lo\u00e0i c\u00e2y d\u1ef1 ki\u1ebfn c\u00f3 th\u1ec3 t\u1ed3n t\u1ea1i trong \u0111i\u1ec1u ki\u1ec7n kh\u00ed h\u1eadu hi\u1ec7n t\u1ea1i v\u00e0 t\u01b0\u01a1ng lai, theo k\u1ebft qu\u1ea3 c\u1ee7a m\u00f4 h\u00ecnh ph\u00f9 h\u1ee3p, \u0111\u01b0\u1ee3c minh h\u1ecda b\u1eb1ng c\u00e1ch s\u1eed d\u1ee5ng thang \u0111o t\u1eeb m\u00e0u xanh l\u00e1 c\u00e2y (s\u1ed1 l\u01b0\u1ee3ng lo\u00e0i c\u00e2y th\u1ea5p) \u0111\u1ebfn m\u00e0u \u0111\u1ecf (s\u1ed1 l\u01b0\u1ee3ng cao). <\/li>\n\n\n\n<li>Ti\u1ebfp theo, ng\u01b0\u1eddi d\u00f9ng \u0111\u01b0\u1ee3c y\u00eau c\u1ea7u \u0111i\u1ec1n v\u00e0o bi\u1ec3u m\u1eabu tr\u1ef1c tuy\u1ebfn v\u1edbi th\u00f4ng tin v\u1ec1 t\u00ecnh tr\u1ea1ng c\u1ee7a \u0111\u1ecba \u0111i\u1ec3m c\u1ea7n ph\u1ee5c h\u1ed3i, m\u1ee5c ti\u00eau ph\u1ee5c h\u1ed3i v\u00e0 c\u00e1c t\u00f9y ch\u1ecdn b\u1ed5 sung, v\u00ed d\u1ee5: s\u1ed1 l\u01b0\u1ee3ng v\u00e0 lo\u1ea1i c\u00e2y m\u00e0 ng\u01b0\u1eddi d\u00f9ng mu\u1ed1n tr\u1ed3ng. <br\/><br\/>C\u00f4ng c\u1ee5 n\u00e0y ch\u1ecdn c\u00e1c lo\u00e0i t\u1eeb danh s\u00e1ch t\u1ea5t c\u1ea3 c\u00e1c lo\u00e0i c\u00f3 th\u1ec3 ph\u00f9 h\u1ee3p v\u1edbi m\u00f4i tr\u01b0\u1eddng s\u1ed1ng c\u1ee7a \u0111\u1ecba \u0111i\u1ec3m tr\u1ed3ng tr\u1ecdt trong \u0111i\u1ec1u ki\u1ec7n kh\u00ed h\u1eadu hi\u1ec7n t\u1ea1i v\u00e0 t\u01b0\u01a1ng lai. Ng\u01b0\u1eddi d\u00f9ng c\u00f3 th\u1ec3 ch\u1ec9 \u0111\u1ecbnh c\u00e1c chi\u1ebfn l\u01b0\u1ee3c s\u1eed d\u1ee5ng t\u00e0i nguy\u00ean c\u1ee7a c\u00e1c lo\u00e0i (c\u00e1c lo\u00e0i chi\u1ebfm h\u1eefu (acquisitive species) so v\u1edbi c\u00e1c lo\u00e0i b\u1ea3o th\u1ee7 (conservative species)). H\u01a1n n\u1eefa, ng\u01b0\u1eddi ta c\u00f3 th\u1ec3 gi\u1edbi h\u1ea1n th\u1ee7 c\u00f4ng nh\u00f3m c\u00e1c lo\u00e0i \u0111\u01b0\u1ee3c s\u1eed d\u1ee5ng, v\u00ed d\u1ee5: \u0111\u1ec3 h\u1ea1n ch\u1ebf c\u00f4ng c\u1ee5 ch\u1ec9 xem x\u00e9t c\u00e1c lo\u00e0i t\u1eeb kho l\u01b0u tr\u1eef c\u1ee5c b\u1ed9 ho\u1eb7c lo\u1ea1i tr\u1eeb c\u00e1c lo\u00e0i ngo\u1ea1i lai.  <br\/><br\/>\u0110\u1ec3 ch\u1ecdn c\u00e1c k\u1ebft h\u1ee3p lo\u00e0i th\u00edch h\u1ee3p, c\u00f4ng c\u1ee5 s\u00e0ng l\u1ecdc c\u00e1c \u0111\u1eb7c \u0111i\u1ec3m ch\u1ee9c n\u0103ng c\u1ee7a nh\u1eefng lo\u00e0i c\u00e2y m\u00e0 theo c\u00e1c m\u00f4 h\u00ecnh ph\u00f9 h\u1ee3p \u0111\u01b0\u1ee3c d\u1ef1 \u0111o\u00e1n l\u00e0 c\u00f3 th\u1ec3 t\u1ed3n t\u1ea1i t\u1ea1i \u0111\u1ecba \u0111i\u1ec3m \u0111\u00e3 ch\u1ecdn v\u00e0 x\u1ebfp h\u1ea1ng ch\u00fang theo h\u1ed3 s\u01a1 t\u00ednh tr\u1ea1ng t\u01b0\u01a1ng \u1ee9ng t\u1ed1t nh\u1ea5t v\u1edbi c\u00e1c m\u1ee5c ti\u00eau ph\u1ee5c h\u1ed3i v\u00e0 cung c\u1ea5p kh\u1ea3 n\u0103ng ch\u1ed1ng l\u1ea1i c\u00e1c \u0111i\u1ec1u ki\u1ec7n c\u0103ng th\u1eb3ng c\u1ee5c b\u1ed9. V\u1edbi c\u00e1c \u0111\u1eb7c \u0111i\u1ec3m ch\u1ee9c n\u0103ng, ch\u00fang t\u00f4i \u0111\u1ec1 c\u1eadp \u1edf \u0111\u00e2y c\u1ea3 v\u1ec1 \u0111\u1eb7c \u0111i\u1ec3m sinh h\u1ecdc (\u0111\u1eb7c \u0111i\u1ec3m h\u00ecnh th\u00e1i, sinh l\u00fd v\u00e0 sinh s\u1ea3n trong s\u1ed1 nh\u1eefng \u0111\u1eb7c \u0111i\u1ec3m kh\u00e1c) v\u00e0 c\u00e1c \u0111\u1eb7c \u0111i\u1ec3m phi sinh h\u1ecdc (v\u00ed d\u1ee5: lo\u00e0i g\u1ed7, t\u00ecnh tr\u1ea1ng b\u1ea3o t\u1ed3n theo IUCN, v.v.). C\u00f4ng c\u1ee5 n\u00e0y bao g\u1ed3m m\u1ed9t ph\u01b0\u01a1ng ph\u00e1p t\u1ed1i \u01b0u h\u00f3a t\u1ed1i \u0111a h\u00f3a s\u1ef1 \u0111a d\u1ea1ng ch\u1ee9c n\u0103ng c\u1ee7a c\u00e1c lo\u00e0i \u0111\u01b0\u1ee3c \u0111\u1ec1 xu\u1ea5t c\u00f9ng v\u1edbi s\u1ef1 ph\u00f9 h\u1ee3p c\u1ee7a ch\u00fang \u0111\u1ed1i v\u1edbi c\u00e1c m\u1ee5c ti\u00eau ph\u1ee5c h\u1ed3i \u0111\u01b0\u1ee3c ch\u1ec9 \u0111\u1ecbnh v\u00e0 kh\u1ea3 n\u0103ng ch\u1ed1ng l\u1ea1i c\u00e1c \u0111i\u1ec1u ki\u1ec7n c\u0103ng th\u1eb3ng c\u1ee5c b\u1ed9.  <\/li>\n\n\n\n<li>Cu\u1ed1i c\u00f9ng, c\u00f4ng c\u1ee5 n\u00e0y t\u1ea1o ra th\u00f4ng tin v\u1ec1 c\u00e1c t\u1ed5 h\u1ee3p lo\u00e0i c\u00e2y d\u1ef1 ki\u1ebfn   <\/li>\n\n\n\n<li>K\u1ebft qu\u1ea3 \u0111\u01b0\u1ee3c cung c\u1ea5p cho ng\u01b0\u1eddi d\u00f9ng d\u01b0\u1edbi d\u1ea1ng b\u00e1o c\u00e1o c\u00f3 th\u1ec3 t\u1ea3i xu\u1ed1ng tr\u1ef1c ti\u1ebfp ho\u1eb7c nh\u1eadn qua email. B\u00e1o c\u00e1o n\u00e0y c\u00f3 m\u1ee5c \u0111\u00edch l\u00e0m h\u01b0\u1edbng d\u1eabn l\u1ef1a ch\u1ecdn c\u00e1c lo\u00e0i v\u00e0 ngu\u1ed3n h\u1ea1t gi\u1ed1ng ph\u00f9 h\u1ee3p \u0111\u1ec3 ph\u1ee5c h\u1ed3i \u0111\u1ecba \u0111i\u1ec3m \u0111\u00e3 ch\u1ec9 \u0111\u1ecbnh. C\u00f3 th\u1ec3 t\u1ea3i xu\u1ed1ng c\u00e1c giao th\u1ee9c nh\u00e2n gi\u1ed1ng c\u1ee7a t\u1eebng lo\u00e0i th\u00f4ng qua c\u00e1c si\u00eau li\u00ean k\u1ebft. C\u00e1c ch\u1ec9 s\u1ed1 \u0111\u01b0\u1ee3c khuy\u1ebfn ngh\u1ecb \u0111\u1ec3 theo d\u00f5i s\u1ef1 th\u00e0nh c\u00f4ng c\u1ee7a c\u00e1c bi\u1ec7n ph\u00e1p can thi\u1ec7p ph\u1ee5c h\u1ed3i c\u0169ng \u0111\u01b0\u1ee3c bao g\u1ed3m.   <\/li>\n<\/ol>\n","protected":false},"excerpt":{"rendered":"<p>Vi\u1ec7c ph\u1ee5c h\u1ed3i \u0111\u1ea5t b\u1ecb suy tho\u00e1i l\u00e0 m\u1ed1i quan t\u00e2m to\u00e0n c\u1ea7u. \u0110\u1ec3 n\u00e2ng cao hi\u1ec7u qu\u1ea3 c\u1ee7a h\u00e0nh \u0111\u1ed9ng ph\u1ee5c h\u1ed3i r\u1eebng, D4R \u0111\u00e3 \u0111\u01b0\u1ee3c ph\u00e1t tri\u1ec3n \u0111\u1ec3 gi\u00fap l\u1ef1a ch\u1ecdn lo\u00e0i th\u00edch h\u1ee3p v\u00e0 x\u00e1c \u0111\u1ecbnh ngu\u1ed3n h\u1ea1t gi\u1ed1ng cho m\u1ed9t khu v\u1ef1c d\u1ef1 \u00e1n nh\u1ea5t \u0111\u1ecbnh \u0111\u00e1p \u1ee9ng c\u00e1c m\u1ee5c ti\u00eau [&hellip;]<\/p>\n","protected":false},"author":1,"featured_media":0,"parent":0,"menu_order":0,"comment_status":"closed","ping_status":"closed","template":"","meta":{"_monsterinsights_skip_tracking":false,"_monsterinsights_sitenote_active":false,"_monsterinsights_sitenote_note":"","_monsterinsights_sitenote_category":0,"footnotes":""},"class_list":["post-207","page","type-page","status-publish","hentry"],"_links":{"self":[{"href":"https:\/\/d4r.treeplanner.org\/vi\/wp-json\/wp\/v2\/pages\/207","targetHints":{"allow":["GET"]}}],"collection":[{"href":"https:\/\/d4r.treeplanner.org\/vi\/wp-json\/wp\/v2\/pages"}],"about":[{"href":"https:\/\/d4r.treeplanner.org\/vi\/wp-json\/wp\/v2\/types\/page"}],"author":[{"embeddable":true,"href":"https:\/\/d4r.treeplanner.org\/vi\/wp-json\/wp\/v2\/users\/1"}],"replies":[{"embeddable":true,"href":"https:\/\/d4r.treeplanner.org\/vi\/wp-json\/wp\/v2\/comments?post=207"}],"version-history":[{"count":1,"href":"https:\/\/d4r.treeplanner.org\/vi\/wp-json\/wp\/v2\/pages\/207\/revisions"}],"predecessor-version":[{"id":208,"href":"https:\/\/d4r.treeplanner.org\/vi\/wp-json\/wp\/v2\/pages\/207\/revisions\/208"}],"wp:attachment":[{"href":"https:\/\/d4r.treeplanner.org\/vi\/wp-json\/wp\/v2\/media?parent=207"}],"curies":[{"name":"wp","href":"https:\/\/api.w.org\/{rel}","templated":true}]}}