{"id":34,"date":"2024-11-24T07:58:57","date_gmt":"2024-11-24T07:58:57","guid":{"rendered":"https:\/\/d4r.treeplanner.org\/diversite-pour-la-restauration\/"},"modified":"2024-11-25T00:30:47","modified_gmt":"2024-11-25T00:30:47","slug":"diversite-pour-la-restauration","status":"publish","type":"page","link":"https:\/\/d4r.treeplanner.org\/fr\/","title":{"rendered":"Diversit\u00e9 pour la Restauration"},"content":{"rendered":"\n<p><br\/>Un outil d\u00e9velopp\u00e9 pour aider \u00e0 la prise de d\u00e9cision sur l&rsquo;utilisation des esp\u00e8ces d&rsquo;arbres et des sources de semences appropri\u00e9es pour la restauration \u00e0 base d&rsquo;arbres et d&rsquo;autres activit\u00e9s de plantation d&rsquo;arbres, con\u00e7u \u00e0 l&rsquo;origine pour les for\u00eats tropicales s\u00e8ches de Colombie, et destin\u00e9 \u00e0 tous ceux qui souhaitent planter ou r\u00e9g\u00e9n\u00e9rer des arbres y compris des scientifiques, des planificateurs de restauration et des praticiens ainsi que des autorit\u00e9s publiques, des investisseurs et des donateurs.<\/p>\n\n<button id=\"\" type=\"button\" class=\"r-buttons\" onclick=\"location.href='.\/initiative\/'\"><span>Lire la suite<\/span><\/button>\n\n<div style=\"height:50px\" aria-hidden=\"true\" class=\"wp-block-spacer\"><\/div>\n\n<figure class=\"wp-block-gallery has-nested-images columns-2 is-cropped wp-block-gallery-1 is-layout-flex wp-block-gallery-is-layout-flex\">\n<figure class=\"wp-block-image size-medium\"><img loading=\"lazy\" decoding=\"async\" width=\"300\" height=\"94\" data-id=\"42\" src=\"https:\/\/d4r.treeplanner.org\/wp-content\/uploads\/2024\/11\/home1-300x94.jpg\" alt=\"\" class=\"wp-image-42\" srcset=\"https:\/\/d4r.treeplanner.org\/wp-content\/uploads\/2024\/11\/home1-300x94.jpg 300w, https:\/\/d4r.treeplanner.org\/wp-content\/uploads\/2024\/11\/home1-1024x320.jpg 1024w, https:\/\/d4r.treeplanner.org\/wp-content\/uploads\/2024\/11\/home1-768x240.jpg 768w, https:\/\/d4r.treeplanner.org\/wp-content\/uploads\/2024\/11\/home1-1536x480.jpg 1536w, https:\/\/d4r.treeplanner.org\/wp-content\/uploads\/2024\/11\/home1-2048x640.jpg 2048w\" sizes=\"auto, (max-width: 300px) 100vw, 300px\" \/><\/figure>\n\n\n\n<figure class=\"wp-block-image size-medium\"><img loading=\"lazy\" decoding=\"async\" width=\"300\" height=\"94\" data-id=\"38\" src=\"https:\/\/d4r.treeplanner.org\/wp-content\/uploads\/2024\/11\/home2-300x94.jpg\" alt=\"\" class=\"wp-image-38\" srcset=\"https:\/\/d4r.treeplanner.org\/wp-content\/uploads\/2024\/11\/home2-300x94.jpg 300w, https:\/\/d4r.treeplanner.org\/wp-content\/uploads\/2024\/11\/home2-1024x320.jpg 1024w, https:\/\/d4r.treeplanner.org\/wp-content\/uploads\/2024\/11\/home2-768x240.jpg 768w, https:\/\/d4r.treeplanner.org\/wp-content\/uploads\/2024\/11\/home2-1536x480.jpg 1536w, https:\/\/d4r.treeplanner.org\/wp-content\/uploads\/2024\/11\/home2-2048x640.jpg 2048w\" sizes=\"auto, (max-width: 300px) 100vw, 300px\" \/><\/figure>\n\n\n\n<figure class=\"wp-block-image size-medium\"><img loading=\"lazy\" decoding=\"async\" width=\"300\" height=\"94\" data-id=\"46\" src=\"https:\/\/d4r.treeplanner.org\/wp-content\/uploads\/2024\/11\/home3-300x94.jpg\" alt=\"\" class=\"wp-image-46\" srcset=\"https:\/\/d4r.treeplanner.org\/wp-content\/uploads\/2024\/11\/home3-300x94.jpg 300w, https:\/\/d4r.treeplanner.org\/wp-content\/uploads\/2024\/11\/home3-1024x320.jpg 1024w, https:\/\/d4r.treeplanner.org\/wp-content\/uploads\/2024\/11\/home3-768x240.jpg 768w, https:\/\/d4r.treeplanner.org\/wp-content\/uploads\/2024\/11\/home3-1536x480.jpg 1536w, https:\/\/d4r.treeplanner.org\/wp-content\/uploads\/2024\/11\/home3-2048x640.jpg 2048w\" sizes=\"auto, (max-width: 300px) 100vw, 300px\" \/><\/figure>\n\n\n\n<figure class=\"wp-block-image size-medium\"><img loading=\"lazy\" decoding=\"async\" width=\"300\" height=\"94\" data-id=\"50\" src=\"https:\/\/d4r.treeplanner.org\/wp-content\/uploads\/2024\/11\/home4-300x94.jpg\" alt=\"\" class=\"wp-image-50\" srcset=\"https:\/\/d4r.treeplanner.org\/wp-content\/uploads\/2024\/11\/home4-300x94.jpg 300w, https:\/\/d4r.treeplanner.org\/wp-content\/uploads\/2024\/11\/home4-1024x320.jpg 1024w, https:\/\/d4r.treeplanner.org\/wp-content\/uploads\/2024\/11\/home4-768x240.jpg 768w, https:\/\/d4r.treeplanner.org\/wp-content\/uploads\/2024\/11\/home4-1536x480.jpg 1536w, https:\/\/d4r.treeplanner.org\/wp-content\/uploads\/2024\/11\/home4-2048x640.jpg 2048w\" sizes=\"auto, (max-width: 300px) 100vw, 300px\" \/><\/figure>\n<\/figure>\n\n<div style=\"height:50px\" aria-hidden=\"true\" class=\"wp-block-spacer\"><\/div>\n\n<div class=\"wp-block-cover\"><span aria-hidden=\"true\" class=\"wp-block-cover__background has-background-dim-20 has-background-dim\" style=\"background-color:#344143\"><\/span><img loading=\"lazy\" decoding=\"async\" width=\"1445\" height=\"710\" class=\"wp-block-cover__image-background wp-image-64\" alt=\"\" src=\"https:\/\/d4r.treeplanner.org\/wp-content\/uploads\/2024\/11\/basemap.png\" data-object-fit=\"cover\" srcset=\"https:\/\/d4r.treeplanner.org\/wp-content\/uploads\/2024\/11\/basemap.png 1445w, https:\/\/d4r.treeplanner.org\/wp-content\/uploads\/2024\/11\/basemap-300x147.png 300w, https:\/\/d4r.treeplanner.org\/wp-content\/uploads\/2024\/11\/basemap-1024x503.png 1024w, https:\/\/d4r.treeplanner.org\/wp-content\/uploads\/2024\/11\/basemap-768x377.png 768w\" sizes=\"auto, (max-width: 1445px) 100vw, 1445px\" \/><div class=\"wp-block-cover__inner-container is-layout-constrained wp-block-cover-is-layout-constrained\">\n<p class=\"has-text-align-center has-large-font-size\" style=\"line-height:1.2\"><br\/>Nous esp\u00e9rons que la conception de cet outil facilite son utilisation par tous!<\/p>\n\n\n\n<div style=\"height:50px\" aria-hidden=\"true\" class=\"wp-block-spacer\"><\/div>\n\n\n\n<button id=\"\" type=\"button\" class=\"r-buttons white-button\" onclick=\"location.href='.\/tool\/'\"><span>Explorer<\/span><\/button>\n<\/div><\/div>\n","protected":false},"excerpt":{"rendered":"<p>Un outil d\u00e9velopp\u00e9 pour aider \u00e0 la prise de d\u00e9cision sur l&rsquo;utilisation des esp\u00e8ces d&rsquo;arbres et des sources de semences appropri\u00e9es pour la restauration \u00e0 base d&rsquo;arbres et d&rsquo;autres activit\u00e9s de plantation d&rsquo;arbres, con\u00e7u \u00e0 l&rsquo;origine pour les for\u00eats tropicales s\u00e8ches de Colombie, et destin\u00e9 \u00e0 tous ceux qui souhaitent planter ou r\u00e9g\u00e9n\u00e9rer des arbres [&hellip;]<\/p>\n","protected":false},"author":1,"featured_media":0,"parent":0,"menu_order":0,"comment_status":"closed","ping_status":"closed","template":"","meta":{"_monsterinsights_skip_tracking":false,"_monsterinsights_sitenote_active":false,"_monsterinsights_sitenote_note":"","_monsterinsights_sitenote_category":0,"footnotes":""},"class_list":["post-34","page","type-page","status-publish","hentry"],"_links":{"self":[{"href":"https:\/\/d4r.treeplanner.org\/fr\/wp-json\/wp\/v2\/pages\/34","targetHints":{"allow":["GET"]}}],"collection":[{"href":"https:\/\/d4r.treeplanner.org\/fr\/wp-json\/wp\/v2\/pages"}],"about":[{"href":"https:\/\/d4r.treeplanner.org\/fr\/wp-json\/wp\/v2\/types\/page"}],"author":[{"embeddable":true,"href":"https:\/\/d4r.treeplanner.org\/fr\/wp-json\/wp\/v2\/users\/1"}],"replies":[{"embeddable":true,"href":"https:\/\/d4r.treeplanner.org\/fr\/wp-json\/wp\/v2\/comments?post=34"}],"version-history":[{"count":4,"href":"https:\/\/d4r.treeplanner.org\/fr\/wp-json\/wp\/v2\/pages\/34\/revisions"}],"predecessor-version":[{"id":205,"href":"https:\/\/d4r.treeplanner.org\/fr\/wp-json\/wp\/v2\/pages\/34\/revisions\/205"}],"wp:attachment":[{"href":"https:\/\/d4r.treeplanner.org\/fr\/wp-json\/wp\/v2\/media?parent=34"}],"curies":[{"name":"wp","href":"https:\/\/api.w.org\/{rel}","templated":true}]}}