{"id":228,"date":"2024-11-24T17:34:15","date_gmt":"2024-11-24T17:34:15","guid":{"rendered":"https:\/\/d4r.treeplanner.org\/contributeurs-et-collaborateurs-aux-donnees\/"},"modified":"2024-11-25T03:57:45","modified_gmt":"2024-11-25T03:57:45","slug":"contributeurs-et-collaborateurs-aux-donnees","status":"publish","type":"page","link":"https:\/\/d4r.treeplanner.org\/fr\/contributeurs-et-collaborateurs-aux-donnees\/","title":{"rendered":"Contributeurs et collaborateurs aux donn\u00e9es"},"content":{"rendered":"\n<div style=\"height:50px\" aria-hidden=\"true\" class=\"wp-block-spacer\"><\/div>\n\n<div class=\"wp-block-columns is-layout-flex wp-container-core-columns-is-layout-28f84493 wp-block-columns-is-layout-flex\">\n<div class=\"wp-block-column is-layout-flow wp-block-column-is-layout-flow\">\n<h2 class=\"wp-block-heading has-text-align-left\">Colombie<\/h2>\n\n\n\n<ul class=\"wp-block-list\">\n<li>Adriana Tapia (Bioversity International)<\/li>\n\n\n\n<li>Bryan Finegan (CATIE)<\/li>\n\n\n\n<li>Juan L\u00e1zaro Toro (Corantioquia)<\/li>\n\n\n\n<li>N\u00e9lson P\u00e9rez Almariio (Corpoica)<\/li>\n\n\n\n<li>Alejandro Arias (Empresas Publicas de Medellin EPM)<\/li>\n\n\n\n<li>Luis Gonzalo Moscoso (Forestpa SAS)<\/li>\n\n\n\n<li>Natalia Norden (Fundaci\u00f3n Cedrela)<\/li>\n\n\n\n<li>Gina Rodr\u00edguez (Fundaci\u00f3n Ecosistemas Secos)<\/li>\n\n\n\n<li>Jos\u00e9 Alejandro Sanchez-Buitrago (Fundaci\u00f3n NATURA)<\/li>\n\n\n\n<li>Francisco Javier Mijares (Fundaci\u00f3n Orinoquia Biodiversa)<\/li>\n\n\n\n<li>William Vargas (Fundaci\u00f3n Paisajes Rurales)<\/li>\n\n\n\n<li>Guillermo Silva (Grupo HTM)<\/li>\n\n\n\n<li>Beatriz E. Salgado (Instituto Humboldt)<\/li>\n\n\n\n<li>Carlos Alberto Guti\u00e9rrez V\u00e1squez (Instituto Humboldt)<\/li>\n\n\n\n<li>Wilson Ramirez (Instituto Humboldt)<\/li>\n\n\n\n<li>Vilma Jaimes (Jardin Bot\u00e1nico de Bogota)<\/li>\n\n\n\n<li>Alvaro Cogollo (Jardin Bot\u00e1nica de Medell\u00edn)<\/li>\n\n\n\n<li>Jorge A. Sierra (Universidad Catolica de Oriente)<\/li>\n\n\n\n<li>Maria Isabel Dominguez (Universidad Cat\u00f3lica de Oriente)<\/li>\n\n\n\n<li>Alvaro Idarraga (Universidad de Antioquia)<\/li>\n\n\n\n<li>Carlos Gil (Universidad de Antioquia)<\/li>\n\n\n\n<li>Cristina Lopez Gallego (Universidad de Antioquia)<\/li>\n\n\n\n<li>Ren\u00e9 L\u00f3pez (Universidad Distrital Francisco Jos\u00e9 de Caldas)<\/li>\n\n\n\n<li>Alvaro Vasquez (Universidad Nacional de Colombia)<\/li>\n\n\n\n<li>Luis Fernando Osorio (Universidad Nacional de Colombia)<\/li>\n<\/ul>\n<\/div>\n\n\n\n<div class=\"wp-block-column is-layout-flow wp-block-column-is-layout-flow\">\n<h2 class=\"wp-block-heading has-text-align-left\">Peru-Ecuador<\/h2>\n\n\n\n<ul class=\"wp-block-list\">\n<li>Jos\u00e9 Luis Marcelo-Pe\u00f1a (Universidad Nacional de Ja\u00e9n)<\/li>\n\n\n\n<li>Reynaldo Linares (Smithsonian Institute)<\/li>\n\n\n\n<li>Eduardo Cueva (Universidat T\u00e9cnica Particular de Loja)<\/li>\n\n\n\n<li>Zhofre Aguirre (Universidad Nacional de Loja)<\/li>\n\n\n\n<li>Carlos Iv\u00e1n Espinosa (Universidad T\u00e9cnica Particular de Loja)<\/li>\n\n\n\n<li>Omar Cabrera (Universidad Nacional Particular de Loja)<\/li>\n\n\n\n<li>Mar\u00eda de los \u00c1ngeles La Torre Cuadros (Universidad Cient\u00edfica del Sur)<\/li>\n\n\n\n<li>Siebe Briers (KU Leuven, Belgium)<\/li>\n\n\n\n<li>Claudia Elena Guti\u00e9rrez Miranda (Universidad Nacional Agraria La Molina, Peru)<\/li>\n<\/ul>\n\n\n\n<h2 class=\"wp-block-heading has-text-align-left\">Ethiopia<\/h2>\n\n\n\n<ul class=\"wp-block-list\">\n<li>Hirko Dibaba (University of Jimma, Ethiopia)<\/li>\n\n\n\n<li>Kitessa Hundera (University of Jimma, Ethiopia)<\/li>\n\n\n\n<li>Sebsebe Demissew (University of Addis Ababa, Ethiopia)<\/li>\n\n\n\n<li>Debela Daba (Gullele Botanic Garden, Ethiopia)<\/li>\n\n\n\n<li>Birhanu Belay (Gullele Botanic Garden, Ethiopia)<\/li>\n\n\n\n<li>Ergua Atinafe (Gullele Botanic Garden, Ethiopia)<\/li>\n\n\n\n<li>Fikadu Erenso (Gullele Botanic Garden, Ethiopia)<\/li>\n\n\n\n<li>Talemos Seta (Gullele Botanic Garden, Ethiopia; University of Addis Ababa, Ethiopia)<\/li>\n\n\n\n<li>Roeland Kindt (World Agroforestry)<\/li>\n<\/ul>\n<\/div>\n<\/div>\n\n<div class=\"wp-block-columns is-layout-flex wp-container-core-columns-is-layout-28f84493 wp-block-columns-is-layout-flex\">\n<div class=\"wp-block-column is-layout-flow wp-block-column-is-layout-flow\">\n<h2 class=\"wp-block-heading has-text-align-left\">Burkina Faso<\/h2>\n\n\n\n<ul class=\"wp-block-list\">\n<li>Laeticia Celine Toe (Ghent University, Belgium)<\/li>\n\n\n\n<li>Adjima Thiombiano (University of Ouagadougou, Burkina Faso)<\/li>\n\n\n\n<li>Zerbo Issouf (University of Ouagadougou, Burkina Faso)<\/li>\n\n\n\n<li>Djingdia Lompo (Shea Tree Research Center (CRAAK), Burkina Faso)<\/li>\n\n\n\n<li>Lassina Sanou (National Tree Seed Center (CNSF), Burkina Faso)<\/li>\n\n\n\n<li>Charles Parkouda (Institute for Research in Applied Sciences and Technologies (IRSAT), Burkina Faso)<\/li>\n\n\n\n<li>Alain Hien (Centre Muraz, Burkina Faso)<\/li>\n\n\n\n<li>Oumarou Ou\u00e9draogo (Universit\u00e9 Joseph KI-ZERBO, Burkina Faso)<\/li>\n\n\n\n<li>Hermann Ouoba (Nazi Bon University, Burkina Faso)<\/li>\n\n\n\n<li>Antonia Lindau (University of Natural Resources and Applied Life Sciences, Austria)<\/li>\n\n\n\n<li>Harald Vacik (University of Natural Resources and Applied Life Sciences, Austria)<\/li>\n\n\n\n<li>Stefan Dressler (Senckenberg &amp; Goethe University Frankfurt, Germany)<\/li>\n\n\n\n<li>Georg Zizka (Senckenberg &amp; Goethe University Frankfurt, Germany)<\/li>\n\n\n\n<li>Marco Schmidt (Senckenberg &amp; Palmengarten Frankfurt)<\/li>\n<\/ul>\n<\/div>\n\n\n\n<div class=\"wp-block-column is-layout-flow wp-block-column-is-layout-flow\">\n<h2 class=\"wp-block-heading has-text-align-left\">Cameroon<\/h2>\n\n\n\n<ul class=\"wp-block-list\">\n<li>Marius Eku\u00e9 (Bioversity International, Cameroon)<\/li>\n\n\n\n<li>Hermann Taedoumg (Bioversity International, Cameroon)<\/li>\n\n\n\n<li>Hubert Mounmemi Kpoumie (University of Yaound\u00e9 1, Cameroon)<\/li>\n\n\n\n<li>Esther Brechb\u00fchler (ETH Zurich, Switzerland)<\/li>\n<\/ul>\n\n\n\n<h2 class=\"wp-block-heading has-text-align-left\">Lebanon<\/h2>\n\n\n\n<ul class=\"wp-block-list\">\n<li>Jean Stephan (Lebanese University, Lebanon)<\/li>\n\n\n\n<li>Melissa Korban (Alliance Bioversity International &#8211; CIAT, Lebanon)<\/li>\n\n\n\n<li>Abdo Nassar (Lebanon Reforestation Initiative, Lebanon)<\/li>\n\n\n\n<li>Joseph Bechara (Lebanon Reforestation Initiative, Lebanon)<\/li>\n<\/ul>\n<\/div>\n<\/div>\n\n<div class=\"wp-block-columns is-layout-flex wp-container-core-columns-is-layout-28f84493 wp-block-columns-is-layout-flex\">\n<div class=\"wp-block-column is-layout-flow wp-block-column-is-layout-flow\">\n<h2 class=\"wp-block-heading has-text-align-left\">Central America<\/h2>\n\n\n\n<ul class=\"wp-block-list\">\n<li>Claudia Guti\u00e9rrez (Alliance Bioversity International &#8211; CIAT)<\/li>\n<\/ul>\n\n\n\n<h2 class=\"wp-block-heading has-text-align-left\">Ghana<\/h2>\n\n\n\n<ul class=\"wp-block-list\">\n<li>Dunja Mijatovic (Alliance Bioversity International &#8211; CIAT, Turkey)<\/li>\n\n\n\n<li>James Amponsah (FORIG)<\/li>\n<\/ul>\n\n\n\n<h2 class=\"wp-block-heading has-text-align-left\">Kenya<\/h2>\n\n\n\n<ul class=\"wp-block-list\">\n<li>Hermann Taedoumg (Alliance Bioversity International &#8211; CIAT, Cameroon)<\/li>\n\n\n\n<li>Quincy Mutira (Alliance Bioversity International &#8211; CIAT, Kenya)<\/li>\n\n\n\n<li>Francis Oduour (Alliance Bioversity International &#8211; CIAT)<\/li>\n<\/ul>\n<\/div>\n\n\n\n<div class=\"wp-block-column is-layout-flow wp-block-column-is-layout-flow\">\n<h2 class=\"wp-block-heading has-text-align-left\">Laos<\/h2>\n\n\n\n<ul class=\"wp-block-list\">\n<li>Dunja Mijatovic (Alliance Bioversity International &#8211; CIAT, Turkey)<\/li>\n\n\n\n<li>Simone Vongkhamho (NAFRI)<\/li>\n\n\n\n<li>Chaloun Bhounithiphon (NAFRI)nd)<\/li>\n<\/ul>\n\n\n\n<h2 class=\"wp-block-heading has-text-align-left\">Vietnam<\/h2>\n\n\n\n<ul class=\"wp-block-list\">\n<li>Dunja Mijatovic (Alliance Bioversity International &#8211; CIAT, Turkey)<\/li>\n\n\n\n<li>Le Viet Dung (NOMAFSI)<\/li>\n\n\n\n<li>Le Khai (NOMAFSI)<\/li>\n<\/ul>\n<\/div>\n<\/div>\n\n<h2 class=\"wp-block-heading has-text-align-left\">India<\/h2>\n\n<div class=\"wp-block-columns is-layout-flex wp-container-core-columns-is-layout-28f84493 wp-block-columns-is-layout-flex\">\n<div class=\"wp-block-column is-layout-flow wp-block-column-is-layout-flow\">\n<ul class=\"wp-block-list\">\n<li>Akanksha Rathore (IISc)<\/li>\n\n\n\n<li>Anand Osuri (NCF)<\/li>\n\n\n\n<li>Aparajita Datta (NCF)<\/li>\n\n\n\n<li>Arthyr Selwyn Mark (Pondicherry University)<\/li>\n\n\n\n<li>Athulya Elizabeth Tom (ATREE)<\/li>\n\n\n\n<li>Ayyappan Narayanan (Pondicherry University)<\/li>\n\n\n\n<li>Basavaraj (ATREE)<\/li>\n\n\n\n<li>Bharat (ATREE)<\/li>\n\n\n\n<li>Darshan (ATREE)<\/li>\n\n\n\n<li>Divya Mudappa (NCF)<\/li>\n\n\n\n<li>G Ravikanth (ATREE)<\/li>\n\n\n\n<li>Hari Sridhar (IISc)<\/li>\n\n\n\n<li>Jacob Solomon Raju Alluri (Andhra University)<\/li>\n\n\n\n<li>K S Arpitha Bhat (ATREE)<\/li>\n\n\n\n<li>L Arul Pragasan (Pondicherry University)<\/li>\n<\/ul>\n<\/div>\n\n\n\n<div class=\"wp-block-column is-layout-flow wp-block-column-is-layout-flow\">\n<ul class=\"wp-block-list\">\n<li>Mahesh Sankaran (NCBS)<\/li>\n\n\n\n<li>Milind Bunyan (ATREE)<\/li>\n\n\n\n<li>Muthuramkumar Sankaralingam (Pondicherry University)<\/li>\n\n\n\n<li>N Parthasarathy (Pondicherry University)<\/li>\n\n\n\n<li>Navendu Page (WII)<\/li>\n\n\n\n<li>R Ganesan (ATREE)<\/li>\n\n\n\n<li>Rohit Naniwadekar (NCF)<\/li>\n\n\n\n<li>Sachin Medigeshi Harish (ATREE)<\/li>\n\n\n\n<li>Saniya Chaplod (NCF)<\/li>\n\n\n\n<li>Smitha Krishnan (Alliance Bioversity &#8211; CIAT)<\/li>\n\n\n\n<li>Sneha Joshi (ATREE)<\/li>\n\n\n\n<li>Srinivasan Kasinathan (NCF)<\/li>\n\n\n\n<li>T R Shankar Raman (NCF)<\/li>\n\n\n\n<li>Zishan Wani (ATREE)<\/li>\n<\/ul>\n<\/div>\n<\/div>\n","protected":false},"excerpt":{"rendered":"<p>Colombie Peru-Ecuador Ethiopia Burkina Faso Cameroon Lebanon Central America Ghana Kenya Laos Vietnam India<\/p>\n","protected":false},"author":1,"featured_media":0,"parent":0,"menu_order":0,"comment_status":"closed","ping_status":"closed","template":"","meta":{"_monsterinsights_skip_tracking":false,"_monsterinsights_sitenote_active":false,"_monsterinsights_sitenote_note":"","_monsterinsights_sitenote_category":0,"footnotes":""},"class_list":["post-228","page","type-page","status-publish","hentry"],"_links":{"self":[{"href":"https:\/\/d4r.treeplanner.org\/fr\/wp-json\/wp\/v2\/pages\/228","targetHints":{"allow":["GET"]}}],"collection":[{"href":"https:\/\/d4r.treeplanner.org\/fr\/wp-json\/wp\/v2\/pages"}],"about":[{"href":"https:\/\/d4r.treeplanner.org\/fr\/wp-json\/wp\/v2\/types\/page"}],"author":[{"embeddable":true,"href":"https:\/\/d4r.treeplanner.org\/fr\/wp-json\/wp\/v2\/users\/1"}],"replies":[{"embeddable":true,"href":"https:\/\/d4r.treeplanner.org\/fr\/wp-json\/wp\/v2\/comments?post=228"}],"version-history":[{"count":1,"href":"https:\/\/d4r.treeplanner.org\/fr\/wp-json\/wp\/v2\/pages\/228\/revisions"}],"predecessor-version":[{"id":229,"href":"https:\/\/d4r.treeplanner.org\/fr\/wp-json\/wp\/v2\/pages\/228\/revisions\/229"}],"wp:attachment":[{"href":"https:\/\/d4r.treeplanner.org\/fr\/wp-json\/wp\/v2\/media?parent=228"}],"curies":[{"name":"wp","href":"https:\/\/api.w.org\/{rel}","templated":true}]}}