{"id":222,"date":"2024-11-24T16:13:23","date_gmt":"2024-11-24T16:13:23","guid":{"rendered":"https:\/\/d4r.treeplanner.org\/introduction\/"},"modified":"2024-11-25T03:47:56","modified_gmt":"2024-11-25T03:47:56","slug":"introduction","status":"publish","type":"page","link":"https:\/\/d4r.treeplanner.org\/fr\/introduction\/","title":{"rendered":"Introduction"},"content":{"rendered":"\n<p><br\/>La restauration des sols d\u00e9grad\u00e9es est une pr\u00e9occupation mondiale. Pour am\u00e9liorer l&rsquo;efficacit\u00e9 de la restauration des for\u00eats, D4R a \u00e9t\u00e9 d\u00e9velopp\u00e9 pour aider au choix appropri\u00e9 des esp\u00e8ces et identifier les sources de semences pour un site de projet donn\u00e9 qui r\u00e9pondent aux objectifs de restauration souhait\u00e9s. D4R prend \u00e9galement en compte le changement climatique lors du choix du mat\u00e9riel appropri\u00e9 et inclut des informations sur la propagation de centaines d&rsquo;esp\u00e8ces d&rsquo;arbres.  <\/p>\n\n<h2 class=\"wp-block-heading\">Comment cela fonctionne-t-il ?<\/h2>\n\n<ol class=\"wp-block-list\">\n<li style=\"margin-top:0;margin-bottom:0\">Premi\u00e8rement, l&rsquo;utilisateur est invit\u00e9 \u00e0 identifier la zone \u00e0 restaurer sur une carte qui montre les zones qui sont incluses dans l&rsquo;outil D4R. Ces cartes montrent le nombre d&rsquo;esp\u00e8ces d&rsquo;arbres qui devraient pouvoir survivre dans les conditions climatiques actuelles et futures, selon les r\u00e9sultats de la mod\u00e9lisation de l&rsquo;aptitude des arbres, qui est illustr\u00e9e \u00e0 l&rsquo;aide d&rsquo;une \u00e9chelle allant du vert (faible nombre d&rsquo;esp\u00e8ces d&rsquo;arbres) au rouge (nombre \u00e9lev\u00e9). <\/li>\n\n\n\n<li>Ensuite, l&rsquo;utilisateur est invit\u00e9 \u00e0 remplir un formulaire en ligne avec des informations sur les conditions du site cibl\u00e9 pour la restauration, les objectifs de restauration et les options suppl\u00e9mentaires, par ex. combien et quel type d&rsquo;esp\u00e8ces l&rsquo;utilisateur souhaite planter. <br\/><br\/>L&rsquo;outil s\u00e9lectionne les esp\u00e8ces d&rsquo;une liste de toutes les esp\u00e8ces possibles adapt\u00e9es \u00e0 l&rsquo;habitat du site de plantation dans les conditions climatiques actuelles et futures. L&rsquo;utilisateur peut sp\u00e9cifier les strat\u00e9gies d&rsquo;utilisation des ressources de l&rsquo;esp\u00e8ce (esp\u00e8ces acquisitives vs. esp\u00e8ces conservatrices). De plus, on peut limiter manuellement le pool d&rsquo;esp\u00e8ces utilis\u00e9es, par ex. restreindre l&rsquo;outil pour tenir en compte seulement les esp\u00e8ces d&rsquo;un inventaire local ou exclure les esp\u00e8ces exotiques.  <br\/><br\/>Pour s\u00e9lectionner des combinaisons d&rsquo;esp\u00e8ces appropri\u00e9es, l&rsquo;outil s\u00e9lectionne les traits fonctionnels des esp\u00e8ces d&rsquo;arbres qui, selon les mod\u00e8les d&rsquo;aptitude, devraient pouvoir persister sur le site choisi et les classe en fonction des profils de traits qui correspondent le mieux aux objectifs de restauration et qui pr\u00e9sentent une r\u00e9sistance aux conditions de stress locales. Avec les traits fonctionnels, on se r\u00e9f\u00e8re \u00e0 la fois aux traits biologiques (traits morphologiques, physiologiques et reproductifs entre autres) et aux traits non biologiques (par ex. les esp\u00e8ces de bois, l&rsquo;\u00e9tat de conservation selon l&rsquo;UICN, etc.). L&rsquo;outil comprend une m\u00e9thode d&rsquo;optimisation qui maximise la diversit\u00e9 fonctionnelle des esp\u00e8ces recommand\u00e9es ainsi que leur ad\u00e9quation aux objectifs de restauration sp\u00e9cifi\u00e9s et leur r\u00e9sistance aux conditions de stress locales.  <\/li>\n\n\n\n<li>Enfin, l&rsquo;outil g\u00e9n\u00e8re des informations sur les combinaisons d&rsquo;esp\u00e8ces d&rsquo;arbres qui sont aptes \u00e0 l&rsquo;adaptation aux conditions environnementales sous les conditions climatiques actuelles et futures. L&rsquo;outil g\u00e9n\u00e8re diff\u00e9rentes options de combinaisons d&rsquo;esp\u00e8ces, allant d&rsquo;un focus plus \u00e9lev\u00e9 sur la diversit\u00e9 \u00e0 un focus plus \u00e9lev\u00e9 sur l&rsquo;aptitude des esp\u00e8ces en r\u00e9pondant aux objectifs de restauration s\u00e9lectionn\u00e9s et la r\u00e9sistance aux conditions de stress locales. Des cartes des zones des semences sont g\u00e9n\u00e9r\u00e9es pour indiquer \u00e0 partir de quelles r\u00e9gions le mat\u00e9riel de plantation doit provenir. L&rsquo;id\u00e9e est que pour chaque esp\u00e8ce, le mat\u00e9riel de plantation provient \u00e0 la fois de populations locales ou de populations se d\u00e9veloppant dans des conditions environnementales similaires \u00e0 celles du site de plantation, ainsi que de populations poussant dans des zones o\u00f9 les conditions environnementales sont les plus similaires \u00e0 celles attendues sur le site de plantation \u00e0 l&rsquo;avenir.   <\/li>\n\n\n\n<li>Les r\u00e9sultats sont fournis \u00e0 l&rsquo;utilisateur sous forme de rapport qui peut \u00eatre t\u00e9l\u00e9charg\u00e9 directement ou re\u00e7u par e-mail. Le rapport est destin\u00e9 \u00e0 servir comme guide pour s\u00e9lectionner les esp\u00e8ces et les sources de semences appropri\u00e9es pour la restauration du site sp\u00e9cifi\u00e9. Les protocoles de propagation d&rsquo;esp\u00e8ces individuelles peuvent \u00eatre t\u00e9l\u00e9charg\u00e9s via des hyperliens. Des indicateurs recommand\u00e9s pour surveiller le succ\u00e8s des interventions de restauration sont \u00e9galement inclus.   <\/li>\n<\/ol>\n","protected":false},"excerpt":{"rendered":"<p>La restauration des sols d\u00e9grad\u00e9es est une pr\u00e9occupation mondiale. Pour am\u00e9liorer l&rsquo;efficacit\u00e9 de la restauration des for\u00eats, D4R a \u00e9t\u00e9 d\u00e9velopp\u00e9 pour aider au choix appropri\u00e9 des esp\u00e8ces et identifier les sources de semences pour un site de projet donn\u00e9 qui r\u00e9pondent aux objectifs de restauration souhait\u00e9s. D4R prend \u00e9galement en compte le changement climatique [&hellip;]<\/p>\n","protected":false},"author":1,"featured_media":0,"parent":0,"menu_order":0,"comment_status":"closed","ping_status":"closed","template":"","meta":{"_monsterinsights_skip_tracking":false,"_monsterinsights_sitenote_active":false,"_monsterinsights_sitenote_note":"","_monsterinsights_sitenote_category":0,"footnotes":""},"class_list":["post-222","page","type-page","status-publish","hentry"],"_links":{"self":[{"href":"https:\/\/d4r.treeplanner.org\/fr\/wp-json\/wp\/v2\/pages\/222","targetHints":{"allow":["GET"]}}],"collection":[{"href":"https:\/\/d4r.treeplanner.org\/fr\/wp-json\/wp\/v2\/pages"}],"about":[{"href":"https:\/\/d4r.treeplanner.org\/fr\/wp-json\/wp\/v2\/types\/page"}],"author":[{"embeddable":true,"href":"https:\/\/d4r.treeplanner.org\/fr\/wp-json\/wp\/v2\/users\/1"}],"replies":[{"embeddable":true,"href":"https:\/\/d4r.treeplanner.org\/fr\/wp-json\/wp\/v2\/comments?post=222"}],"version-history":[{"count":1,"href":"https:\/\/d4r.treeplanner.org\/fr\/wp-json\/wp\/v2\/pages\/222\/revisions"}],"predecessor-version":[{"id":223,"href":"https:\/\/d4r.treeplanner.org\/fr\/wp-json\/wp\/v2\/pages\/222\/revisions\/223"}],"wp:attachment":[{"href":"https:\/\/d4r.treeplanner.org\/fr\/wp-json\/wp\/v2\/media?parent=222"}],"curies":[{"name":"wp","href":"https:\/\/api.w.org\/{rel}","templated":true}]}}