{"id":192,"date":"2024-11-24T16:13:23","date_gmt":"2024-11-24T16:13:23","guid":{"rendered":"https:\/\/d4r.treeplanner.org\/introduccion\/"},"modified":"2024-11-24T17:55:43","modified_gmt":"2024-11-24T17:55:43","slug":"introduccion","status":"publish","type":"page","link":"https:\/\/d4r.treeplanner.org\/es\/introduccion\/","title":{"rendered":"Introducci\u00f3n"},"content":{"rendered":"\n<p><br\/>La restauraci\u00f3n de tierras degradadas es una prioridad global. Bajo este contexto, surge D4R: una herramienta web interactiva que sirve de apoyo para la identificaci\u00f3n de las especies arb\u00f3reas y fuentes de semilla m\u00e1s apropiadas seg\u00fan las condiciones del sitio y los objetivos espec\u00edficos de la restauraci\u00f3n. D4R anticipa los cambios clim\u00e1ticos esperados en cada \u00e1rea y brinda informaci\u00f3n sobre la propagaci\u00f3n de cientos de especies arb\u00f3reas del bosque.  <\/p>\n\n<h2 class=\"wp-block-heading\">\u00bfComo funciona?<\/h2>\n\n<ol class=\"wp-block-list\">\n<li style=\"margin-top:0;margin-bottom:0\">Como primer paso, se invita al usuario a identificar el \u00e1rea que se pretende restaurar en un mapa que muestra las \u00e1reas que se incluyen en la herramienta D4R. Estos mapas muestran el n\u00famero de especies arb\u00f3reas que se espera que puedan sobrevivir en las condiciones clim\u00e1ticas actuales y futuras, seg\u00fan los resultados del modelado de idoneidad, se ilustra usando una escala de verde (n\u00famero bajo de especies arb\u00f3reas) a rojo (n\u00famero alto). <\/li>\n\n\n\n<li>A continuaci\u00f3n, se le pide al usuario que complete un formulario en l\u00ednea con informaci\u00f3n sobre las condiciones del sitio, los objetivos de restauraci\u00f3n y algunas opciones adicionales, por ejemplo cu\u00e1ntas y qu\u00e9 tipo de especies el usuario desea plantar. <br\/><br\/>La herramienta selecciona especies de una lista de todas las especies posibles adaptadas al h\u00e1bitat del sitio seleccionado bajo las condiciones clim\u00e1ticas actuales y futuras. El usuario puede especificar las estrategias de vida de las especies a usar (especies adquisitivas vs. conservativas), Adicionalmente puede limitar manualmente el conjunto de especies utilizadas, por ejemplo, restringiendo la herramienta para considerar \u00fanicamente especies de inventarios locales, o excluyendo especies ex\u00f3ticas.  <br\/><br\/>Para seleccionar combinaciones de especies apropiadas, la herramienta examina los rasgos funcionales de las especies arb\u00f3reas que seg\u00fan los modelos de idoneidad puedan persistir en el sitio elegido y los clasifica de acuerdo con los perfiles de rasgos que mejor se alinean con los objetivos de restauraci\u00f3n y proporcionan resistencia contra los factores de estr\u00e9s ambiental local. Con los rasgos funcionales nos referimos aqu\u00ed tanto a los rasgos biol\u00f3gicos (rasgos morfol\u00f3gicos, fisiol\u00f3gicos y reproductivos, entre otros) como a los no biol\u00f3gicos (por ejemplo, especies maderables, estado de conservaci\u00f3n seg\u00fan la UICN, etc.). La herramienta incluye un m\u00e9todo de optimizaci\u00f3n que maximiza la diversidad funcional de las especies recomendadas en conjunto con su idoneidad para los objetivos de restauraci\u00f3n especificados y su resistencia a las condiciones locales de estr\u00e9s.  <\/li>\n\n\n\n<li>Finalmente, la herramienta genera informaci\u00f3n sobre combinaciones de especies arb\u00f3reas que se espera que son adaptadas a las condiciones ambientales en el sitio de restauraci\u00f3n bajo condiciones clim\u00e1ticas actuales y futuras. La herramienta genera diferentes opciones de combinaciones de especies, que van desde un mayor enfoque en la diversidad hasta un mayor enfoque en la idoneidad de las especies para los objetivos de restauraci\u00f3n seleccionados y la resistencia a las condiciones locales de estr\u00e9s. Se generan mapas de zonas de semilla para indicar de qu\u00e9 \u00e1reas se debe obtener el material de siembra. La idea es que para cada especie, el material de siembra se obtenga tanto de poblaciones locales o poblaciones que crecen en condiciones ambientales que son similares a las que ocurren en el sitio de restauraci\u00f3n hoy en d\u00eda, como a las que ocurran en \u00e1reas con condiciones ambientales m\u00e1s similares a las que son pronosticado manifestarse en el sitio de restauraci\u00f3n en el futuro.   <\/li>\n\n\n\n<li>Recibir\u00e1 un reporte v\u00eda email o descargable con los resultados arrojados por la herramienta. Este informe pretende servir como gu\u00eda para seleccionar especies apropiadas y fuentes de semillas para la restauraci\u00f3n del sitio especificado. Donde existen, protocolos de propagaci\u00f3n de especies individuales pueden ser descargados a trav\u00e9s de hiperv\u00ednculos. Tambi\u00e9n se incluyen algunas recomendaciones sobre posibles indicadores para monitorear el \u00e9xito del proyecto de restauraci\u00f3n.   <\/li>\n<\/ol>\n","protected":false},"excerpt":{"rendered":"<p>La restauraci\u00f3n de tierras degradadas es una prioridad global. Bajo este contexto, surge D4R: una herramienta web interactiva que sirve de apoyo para la identificaci\u00f3n de las especies arb\u00f3reas y fuentes de semilla m\u00e1s apropiadas seg\u00fan las condiciones del sitio y los objetivos espec\u00edficos de la restauraci\u00f3n. D4R anticipa los cambios clim\u00e1ticos esperados en cada [&hellip;]<\/p>\n","protected":false},"author":1,"featured_media":0,"parent":0,"menu_order":0,"comment_status":"closed","ping_status":"closed","template":"","meta":{"_monsterinsights_skip_tracking":false,"_monsterinsights_sitenote_active":false,"_monsterinsights_sitenote_note":"","_monsterinsights_sitenote_category":0,"footnotes":""},"class_list":["post-192","page","type-page","status-publish","hentry"],"_links":{"self":[{"href":"https:\/\/d4r.treeplanner.org\/es\/wp-json\/wp\/v2\/pages\/192","targetHints":{"allow":["GET"]}}],"collection":[{"href":"https:\/\/d4r.treeplanner.org\/es\/wp-json\/wp\/v2\/pages"}],"about":[{"href":"https:\/\/d4r.treeplanner.org\/es\/wp-json\/wp\/v2\/types\/page"}],"author":[{"embeddable":true,"href":"https:\/\/d4r.treeplanner.org\/es\/wp-json\/wp\/v2\/users\/1"}],"replies":[{"embeddable":true,"href":"https:\/\/d4r.treeplanner.org\/es\/wp-json\/wp\/v2\/comments?post=192"}],"version-history":[{"count":1,"href":"https:\/\/d4r.treeplanner.org\/es\/wp-json\/wp\/v2\/pages\/192\/revisions"}],"predecessor-version":[{"id":193,"href":"https:\/\/d4r.treeplanner.org\/es\/wp-json\/wp\/v2\/pages\/192\/revisions\/193"}],"wp:attachment":[{"href":"https:\/\/d4r.treeplanner.org\/es\/wp-json\/wp\/v2\/media?parent=192"}],"curies":[{"name":"wp","href":"https:\/\/api.w.org\/{rel}","templated":true}]}}